{"id":305,"date":"2024-09-09T10:11:55","date_gmt":"2024-09-09T01:11:55","guid":{"rendered":"https:\/\/kyorakuss.co.jp\/?page_id=305"},"modified":"2024-09-09T11:40:02","modified_gmt":"2024-09-09T02:40:02","slug":"vr%e9%98%b2%e7%81%bd%e4%bd%93%e9%a8%93%e3%83%a2%e3%83%bc%e3%82%b7%e3%83%a7%e3%83%b3%e3%82%b7%e3%83%9f%e3%83%a5%e3%83%ac%e3%83%bc%e3%82%bf","status":"publish","type":"page","link":"https:\/\/kyorakuss.co.jp\/?page_id=305","title":{"rendered":"VR\u9632\u707d\u4f53\u9a13\u30e2\u30fc\u30b7\u30e7\u30f3\u30b7\u30df\u30e5\u30ec\u30fc\u30bf"},"content":{"rendered":"\n<figure class=\"wp-block-image size-large\"><img loading=\"lazy\" decoding=\"async\" width=\"1024\" height=\"656\" src=\"https:\/\/kyorakuss.co.jp\/wp-content\/uploads\/2024\/09\/motionsim-1024x656.png\" alt=\"VR\u9632\u707d\u4f53\u9a13\u30e2\u30fc\u30b7\u30e7\u30f3\u30b7\u30df\u30e5\u30ec\u30fc\u30bf\u30fc\" class=\"wp-image-306\" srcset=\"https:\/\/kyorakuss.co.jp\/wp-content\/uploads\/2024\/09\/motionsim-1024x656.png 1024w, https:\/\/kyorakuss.co.jp\/wp-content\/uploads\/2024\/09\/motionsim-300x192.png 300w, https:\/\/kyorakuss.co.jp\/wp-content\/uploads\/2024\/09\/motionsim-768x492.png 768w, https:\/\/kyorakuss.co.jp\/wp-content\/uploads\/2024\/09\/motionsim.png 1171w\" sizes=\"(max-width: 1024px) 100vw, 1024px\" \/><\/figure>\n\n\n\n<div class=\"wp-block-columns is-layout-flex wp-container-core-columns-is-layout-1 wp-block-columns-is-layout-flex\">\n<div class=\"wp-block-column is-layout-flow wp-block-column-is-layout-flow\">\n<p class=\"has-text-align-center has-white-color has-vivid-cyan-blue-background-color has-text-color has-background has-link-color has-medium-font-size wp-elements-812f4c794608df6acaf4f057b31bc035\"><strong>\u30b3\u30b9\u30c8\u8efd\u6e1b<\/strong><\/p>\n<\/div>\n\n\n\n<div class=\"wp-block-column is-layout-flow wp-block-column-is-layout-flow\">\n<p class=\"has-text-align-center has-white-color has-text-color has-background has-link-color has-medium-font-size wp-elements-bdd67cb72517e9ae81e9f6cc24d4e341\" style=\"background-color:#73bc6b\"><strong>\u8a2d\u7f6e\u5de5\u4e8b\u4e0d\u8981<\/strong><\/p>\n<\/div>\n\n\n\n<div class=\"wp-block-column is-layout-flow wp-block-column-is-layout-flow\">\n<p class=\"has-text-align-center has-white-color has-text-color has-background has-link-color has-medium-font-size wp-elements-b9e16c50c18b515262cae90ceb9a6152\" style=\"background-color:#530994\"><strong>\u7c21\u5358\u64cd\u4f5c<\/strong><\/p>\n<\/div>\n<\/div>\n\n\n\n<div class=\"wp-block-media-text has-media-on-the-right is-stacked-on-mobile\"><div class=\"wp-block-media-text__content\">\n<p>\u6bce\u5e74\u306e\u3088\u3046\u306b\u767a\u751f\u3059\u308b\u81ea\u7136\u707d\u5bb3\u3002\u8fd1\u5e74\u306b\u304a\u3044\u3066\u3082\u5927\u5730\u9707\u3084\u6d25\u6ce2\u3001\u98a8\u6c34\u5bb3\u306b\u3088\u308b\u751a\u5927\u306a\u88ab\u5bb3\u304c\u7e70\u308a\u8fd4\u3057\u767a\u751f\u3057\u3066\u3044\u307e\u3059\u3002\u88ab\u5bb3\u3092\u8efd\u6e1b\u3059\u308b\u305f\u3081\u306e\u9632\u707d\u5553\u767a\u306e\u91cd\u8981\u6027\u304c\u9ad8\u307e\u308b\u4e2d\u3001\u4eca\u6700\u3082\u6ce8\u76ee\u3055\u308c\u3066\u3044\u308b\u306e\u304cVR\uff08\u30d0\u30fc\u30c1\u30e3\u30eb\u30ea\u30a2\u30ea\u30c6\u30a3\uff09\u6280\u8853\u3092\u6d3b\u7528\u3057\u305f\u9632\u707d\u4f53\u9a13\u3067\u3059\u3002<\/p>\n<\/div><figure class=\"wp-block-media-text__media\"><img loading=\"lazy\" decoding=\"async\" width=\"932\" height=\"921\" src=\"https:\/\/kyorakuss.co.jp\/wp-content\/uploads\/2024\/09\/VR_seat_single_2.png\" alt=\"VR\u9632\u707d\u4f53\u9a13\u30e2\u30fc\u30b7\u30e7\u30f3\u30b7\u30df\u30e5\u30ec\u30fc\u30bf\" class=\"wp-image-307 size-full\" srcset=\"https:\/\/kyorakuss.co.jp\/wp-content\/uploads\/2024\/09\/VR_seat_single_2.png 932w, https:\/\/kyorakuss.co.jp\/wp-content\/uploads\/2024\/09\/VR_seat_single_2-300x296.png 300w, https:\/\/kyorakuss.co.jp\/wp-content\/uploads\/2024\/09\/VR_seat_single_2-768x759.png 768w\" sizes=\"(max-width: 932px) 100vw, 932px\" \/><\/figure><\/div>\n\n\n<div class=\"wp-block-image\">\n<figure class=\"aligncenter size-large is-resized\"><img loading=\"lazy\" decoding=\"async\" width=\"1024\" height=\"866\" src=\"https:\/\/kyorakuss.co.jp\/wp-content\/uploads\/2024\/09\/simchair2-1024x866.png\" alt=\"VR\u9632\u707d\u4f53\u9a13\u3000\u30e2\u30fc\u30b7\u30e7\u30f3\u30b7\u30df\u30e5\u30ec\u30fc\u30bf\u30fc\" class=\"wp-image-309\" style=\"width:1014px;height:auto\" srcset=\"https:\/\/kyorakuss.co.jp\/wp-content\/uploads\/2024\/09\/simchair2-1024x866.png 1024w, https:\/\/kyorakuss.co.jp\/wp-content\/uploads\/2024\/09\/simchair2-300x254.png 300w, https:\/\/kyorakuss.co.jp\/wp-content\/uploads\/2024\/09\/simchair2-768x650.png 768w, https:\/\/kyorakuss.co.jp\/wp-content\/uploads\/2024\/09\/simchair2-1536x1300.png 1536w, https:\/\/kyorakuss.co.jp\/wp-content\/uploads\/2024\/09\/simchair2.png 1690w\" sizes=\"(max-width: 1024px) 100vw, 1024px\" \/><\/figure><\/div>\n\n\n<p>VR\u9632\u707d\u4f53\u9a13\u306f\u3001CG\u3067\u518d\u73fe\u3057\u305f\u4eee\u60f3\u7a7a\u9593\u3067\u707d\u5bb3\u73fe\u5834\u3092\u4f53\u9a13\u3057\u3001\u523b\u4e00\u523b\u3068\u5909\u5316\u3059\u308b\u72b6\u6cc1\u306e\u4e2d\u3067\u547d\u3092\u5b88\u308b\u5224\u65ad\u3068\u907f\u96e3\u884c\u52d5\u3092\u5b66\u3073\u307e\u3059\u3002VR\u30b4\u30fc\u30b0\u30eb\u306b\u6620\u3057\u51fa\u3055\u308c\u308b360\u00b0\u6620\u50cf\u3068\u707d\u5bb3\u72b6\u6cc1\u306b\u9023\u52d5\u3059\u308b\u30e2\u30fc\u30b7\u30e7\u30f3\u30b7\u30fc\u30c8\u306e\u632f\u52d5\u306f\u3001\u307e\u308b\u3067\u5b9f\u969b\u306e\u707d\u5bb3\u73fe\u5834\u306b\u3044\u308b\u304b\u306e\u3088\u3046\u306a\u81e8\u5834\u611f\u3042\u3075\u308c\u308b\u7a7a\u9593\u3092\u5275\u51fa\u3057\u307e\u3059\u3002<\/p>\n\n\n<div class=\"wp-block-image\">\n<figure class=\"aligncenter size-large\"><img loading=\"lazy\" decoding=\"async\" width=\"1024\" height=\"476\" src=\"https:\/\/kyorakuss.co.jp\/wp-content\/uploads\/2024\/09\/sim_img-1024x476.png\" alt=\"VR\u9632\u707d\u4f53\u9a13\u30e2\u30fc\u30b7\u30e7\u30f3\u30b7\u30df\u30e5\u30ec\u30fc\u30bf\u30fc\u306e\u5c0e\u5165\u306b\u3064\u3044\u3066\" class=\"wp-image-310\" srcset=\"https:\/\/kyorakuss.co.jp\/wp-content\/uploads\/2024\/09\/sim_img-1024x476.png 1024w, https:\/\/kyorakuss.co.jp\/wp-content\/uploads\/2024\/09\/sim_img-300x139.png 300w, https:\/\/kyorakuss.co.jp\/wp-content\/uploads\/2024\/09\/sim_img-768x357.png 768w, https:\/\/kyorakuss.co.jp\/wp-content\/uploads\/2024\/09\/sim_img.png 1300w\" sizes=\"(max-width: 1024px) 100vw, 1024px\" \/><\/figure><\/div>\n\n\n<p>\u672c\u88fd\u54c1\u306f\u7279\u5225\u306a\u8a2d\u7f6e\u5de5\u4e8b\u3084\u96fb\u6c17\u5de5\u4e8b\u3092\u5fc5\u8981\u3068\u3057\u306a\u3044\u30aa\u30fc\u30eb\u30a4\u30f3\u30ef\u30f3\u30bf\u30a4\u30d7\u306e\u30e2\u30fc\u30b7\u30e7\u30f3\u30b7\u30df\u30e5\u30ec\u30fc\u30bf\u30fc\u3067\u3001\u8a2d\u7f6e\u5834\u6240\u3092\u9078\u3070\u3059\u3001\u5c0e\u5165\u8cbb\u7528\u3082\u6291\u3048\u307e\u3059\u3002<\/p>\n\n\n\n<h2 class=\"wp-block-heading has-luminous-vivid-orange-color has-text-color has-link-color wp-elements-4e329461e1b51dae968816b000b2c0ba\"><strong>\u707d\u5bb3\u73fe\u5834\u306e\u81e8\u5834\u611f\u3092\u518d\u73fe\u3059\u308bVR\u30e2\u30fc\u30b7\u30e7\u30f3\u30b7\u30b9\u30c6\u30e0<\/strong><\/h2>\n\n\n\n<div class=\"wp-block-columns is-layout-flex wp-container-core-columns-is-layout-2 wp-block-columns-is-layout-flex\">\n<div class=\"wp-block-column is-layout-flow wp-block-column-is-layout-flow\" style=\"flex-basis:33.33%\">\n<p>\u30b7\u30fc\u30c8\u306e\u99c6\u52d5\u90e8\u306f\u57fa\u672c\u52d5\u4f5c\u306e3\u8ef8\u306b\u4e26\u884c\u56de\u8ee2\u7528\u306e1\u8ef8\u3092\u52a0\u3048\u305f\u8a084\u8ef8\u306e\u30e2\u30fc\u30b7\u30e7\u30f3\u30b7\u30b9\u30c6\u30e0\u3002\u3053\u306e\u591a\u8ef8\u30b7\u30b9\u30c6\u30e0\u306f6\u81ea\u7531\u5ea6\uff08\u524d\u5f8c\u30fb\u5de6\u53f3\u30fb\u6a2a\u63fa\u308c\u30fb\u7e26\u63fa\u308c\u30fb\u65cb\u56de\uff09\u306e\u52d5\u4f5c\u304c\u8868\u73fe\u3067\u304d\u3001VR\u30b4\u30fc\u30b0\u30eb\u306b\u6620\u3057\u51fa\u3059\u6620\u50cf\u306b\u30b7\u30f3\u30af\u30ed\u3055\u305b\u308b\u3053\u3068\u3067\u707d\u5bb3\u73fe\u5834\u306e\u72b6\u6cc1\u3092\u30c0\u30a4\u30ca\u30df\u30c3\u30af\u306b\u518d\u73fe\u3057\u307e\u3059\u3002\u307e\u305f\u5ea7\u9762\u306b\u7d44\u307f\u5165\u308c\u305f\u632f\u52d5\u30e6\u30cb\u30c3\u30c8\u304cVR\u4f53\u611f\u3092\u3055\u3089\u306b\u5897\u9577\u3055\u305b\u307e\u3059\u3002<\/p>\n<\/div>\n\n\n\n<div class=\"wp-block-column is-layout-flow wp-block-column-is-layout-flow\" style=\"flex-basis:66.66%\">\n<div class=\"wp-block-media-text has-media-on-the-right is-stacked-on-mobile is-vertically-aligned-top\"><div class=\"wp-block-media-text__content\">\n<h4 class=\"wp-block-heading\">VR\u30b4\u30fc\u30b0\u30eb<\/h4>\n\n\n\n<p>\u6ca1\u5165\u611f\u3092\u91cd\u8996\u3057\u305f\u5e83\u8996\u91ce\u89d2\u30fb\u9ad8\u7cbe\u5ea6\u30c8\u30e9\u30c3\u30ad\u30f3\u30b0\u3092\u8a87\u308b\u9ad8\u89e3\u50cf\u5ea6\u30c7\u30a3\u30b9\u30d7\u30ec\u30a4\u3092\u63a1\u7528\u3002\u591a\u69d8\u306a\u9854\u306e\u5f62\u3084\u30e1\u30ac\u30cd\u3092\u639b\u3051\u3066\u306e\u7740\u7528\u306a\u3069\u3001\u5e45\u5e83\u3044\u5e74\u4ee3\u5c64\u3078\u306e\u5bfe\u5fdc\u3092\u8003\u616e\u3057\u307e\u3059\u3002<\/p>\n<\/div><figure class=\"wp-block-media-text__media\"><img loading=\"lazy\" decoding=\"async\" width=\"329\" height=\"340\" src=\"https:\/\/kyorakuss.co.jp\/wp-content\/uploads\/2024\/09\/vrgoggles.png\" alt=\"VR\u30b4\u30fc\u30b0\u30eb\" class=\"wp-image-311 size-full\" srcset=\"https:\/\/kyorakuss.co.jp\/wp-content\/uploads\/2024\/09\/vrgoggles.png 329w, https:\/\/kyorakuss.co.jp\/wp-content\/uploads\/2024\/09\/vrgoggles-290x300.png 290w\" sizes=\"(max-width: 329px) 100vw, 329px\" \/><\/figure><\/div>\n<\/div>\n<\/div>\n\n\n<div class=\"wp-block-image\">\n<figure class=\"aligncenter size-large\"><img loading=\"lazy\" decoding=\"async\" width=\"1024\" height=\"711\" src=\"https:\/\/kyorakuss.co.jp\/wp-content\/uploads\/2024\/09\/seat_inst-1024x711.jpg\" alt=\"VR\u9632\u707d\u4f53\u9a13\u30e2\u30fc\u30b7\u30e7\u30f3\u30b7\u30df\u30e5\u30ec\u30fc\u30bf\u30fc\u8aac\u660e\" class=\"wp-image-312\" srcset=\"https:\/\/kyorakuss.co.jp\/wp-content\/uploads\/2024\/09\/seat_inst-1024x711.jpg 1024w, https:\/\/kyorakuss.co.jp\/wp-content\/uploads\/2024\/09\/seat_inst-300x208.jpg 300w, https:\/\/kyorakuss.co.jp\/wp-content\/uploads\/2024\/09\/seat_inst-768x533.jpg 768w, https:\/\/kyorakuss.co.jp\/wp-content\/uploads\/2024\/09\/seat_inst-1536x1066.jpg 1536w, https:\/\/kyorakuss.co.jp\/wp-content\/uploads\/2024\/09\/seat_inst.jpg 1722w\" sizes=\"(max-width: 1024px) 100vw, 1024px\" \/><\/figure><\/div>\n\n<div class=\"wp-block-image\">\n<figure class=\"aligncenter size-large\"><img loading=\"lazy\" decoding=\"async\" width=\"1024\" height=\"341\" src=\"https:\/\/kyorakuss.co.jp\/wp-content\/uploads\/2024\/09\/6axis-1024x341.png\" alt=\"VR\u9632\u707d\u4f53\u9a13\u30e2\u30fc\u30b7\u30e7\u30f3\u30b7\u30df\u30e5\u30ec\u30fc\u30bf\u30fc\u8aac\u660e\" class=\"wp-image-313\" srcset=\"https:\/\/kyorakuss.co.jp\/wp-content\/uploads\/2024\/09\/6axis-1024x341.png 1024w, https:\/\/kyorakuss.co.jp\/wp-content\/uploads\/2024\/09\/6axis-300x100.png 300w, https:\/\/kyorakuss.co.jp\/wp-content\/uploads\/2024\/09\/6axis-768x256.png 768w, https:\/\/kyorakuss.co.jp\/wp-content\/uploads\/2024\/09\/6axis-1536x512.png 1536w, https:\/\/kyorakuss.co.jp\/wp-content\/uploads\/2024\/09\/6axis.png 1752w\" sizes=\"(max-width: 1024px) 100vw, 1024px\" \/><\/figure><\/div>\n\n<div class=\"wp-block-image\">\n<figure class=\"aligncenter size-large\"><img loading=\"lazy\" decoding=\"async\" width=\"1024\" height=\"511\" src=\"https:\/\/kyorakuss.co.jp\/wp-content\/uploads\/2024\/09\/VRcontents-1024x511.png\" alt=\"\u5730\u57df\u7279\u6027\u306b\u5fdc\u3058\u305fVR\u30b3\u30f3\u30c6\u30f3\u30c4\u306e\u4f5c\u6210\" class=\"wp-image-314\" srcset=\"https:\/\/kyorakuss.co.jp\/wp-content\/uploads\/2024\/09\/VRcontents-1024x511.png 1024w, https:\/\/kyorakuss.co.jp\/wp-content\/uploads\/2024\/09\/VRcontents-300x150.png 300w, https:\/\/kyorakuss.co.jp\/wp-content\/uploads\/2024\/09\/VRcontents-768x383.png 768w, https:\/\/kyorakuss.co.jp\/wp-content\/uploads\/2024\/09\/VRcontents-1536x767.png 1536w, https:\/\/kyorakuss.co.jp\/wp-content\/uploads\/2024\/09\/VRcontents.png 1739w\" sizes=\"(max-width: 1024px) 100vw, 1024px\" \/><\/figure><\/div>\n\n\n<div class=\"wp-block-columns is-layout-flex wp-container-core-columns-is-layout-3 wp-block-columns-is-layout-flex\">\n<div class=\"wp-block-column is-layout-flow wp-block-column-is-layout-flow\">\n<p><strong>\u707d\u5bb3\u4f53\u9a13\u30b3\u30f3\u30c6\u30f3\u30c4<\/strong><\/p>\n\n\n\n<p>\u5730\u57df\u306e\u707d\u5bb3\u7279\u6027\u3092\u8003\u616e\u3057\u305f\u300c\u5730\u9707\u300d\u300c\u6d25\u6ce2\u300d\u300c\u706b\u707d\u300d\u300c\u98a8\u6c34\u5bb3\u300d\u7b49\u306e\u4f53\u9a13\u30b3\u30f3\u30c6\u30f3\u30c4\u3092\u4f5c\u6210\u3057\u307e\u3059\u3002\u3044\u305a\u308c\u3082VR\uff08\u7acb\u4f53\u8996\u6620\u50cf\uff09\u306eCG\u3067\u4f5c\u6210\u3057\u305f\u30b9\u30c8\u30fc\u30ea\u30fc\u8a2d\u5b9a\u3067\u3001\u4f53\u9a13\u8005\u306e\u8996\u7dda\u306b\u306f\u523b\u4e00\u523b\u3068\u5909\u5316\u3059\u308b\u707d\u5bb3\u306e\u72b6\u6cc1\u304c\u30ea\u30a2\u30eb\u30bf\u30a4\u30e0\u306b\u6620\u3057\u51fa\u3055\u308c\u307e\u3059\u3002<\/p>\n<\/div>\n\n\n\n<div class=\"wp-block-column is-layout-flow wp-block-column-is-layout-flow\">\n<p><strong>\u30ca\u30d3\u30b2\u30fc\u30b7\u30e7\u30f3\u30dc\u30a4\u30b9<\/strong><\/p>\n\n\n\n<p>\u4f53\u9a13\u8005\u306f\u81ea\u7531\u306b\u7a7a\u9593\u3092\u898b\u6e21\u305b\u308b\u305f\u3081\u3001\u5371\u967a\u306a\u65b9\u5411\u3084\u907f\u96e3\u65b9\u6cd5\u3092\u610f\u8b58\u3055\u305b\u308b\u30ca\u30d3\u30b2\u30fc\u30b7\u30e7\u30f3\u30dc\u30a4\u30b9\u3092\u7d44\u307f\u5165\u308c\u307e\u3059\u3002<br>\u4f8b\uff1a\u300c\u6d25\u6ce2\u767a\u751f\uff01\u9ad8\u53f0\u306b\u9003\u3052\u3066\u304f\u3060\u3055\u3044\uff01\u300d<\/p>\n<\/div>\n<\/div>\n\n\n\n<h3 class=\"wp-block-heading\">\u30b3\u30f3\u30c6\u30f3\u30c4\u4f8b\uff08\u7d0d\u5165\u5b9f\u7e3e\u4f8b\uff09<\/h3>\n\n\n\n<h4 class=\"wp-block-heading\">\u5730\u9707\u7de8\uff08\u30de\u30f3\u30b7\u30e7\u30f3\u306e\u4e0a\u5c64\u968e\u3067\u5730\u9707\uff09<\/h4>\n\n\n\n<p>\u30de\u30f3\u30b7\u30e7\u30f3\u4e0a\u5c64\u968e\u306e\u4e00\u5ba4\u3067\u5730\u9707\u306e\u6fc0\u3057\u3044\u63fa\u308c\u304c\u767a\u751f\u3002\u5bb6\u5177\u304c\u5012\u58ca\u30fb\u6563\u4e71\u3059\u308b\u4e2d\u3001\u30c6\u30fc\u30d6\u30eb\u306e\u4e0b\u306b\u6f5c\u308a\u8fbc\u3080<\/p>\n\n\n<div class=\"wp-block-image\">\n<figure class=\"aligncenter size-large\"><img loading=\"lazy\" decoding=\"async\" width=\"1024\" height=\"116\" src=\"https:\/\/kyorakuss.co.jp\/wp-content\/uploads\/2024\/09\/content11-1024x116.png\" alt=\"\u30b3\u30f3\u30c6\u30f3\u30c4\u5730\u9707\u7de8\u30a4\u30e1\u30fc\u30b8\" class=\"wp-image-317\" srcset=\"https:\/\/kyorakuss.co.jp\/wp-content\/uploads\/2024\/09\/content11-1024x116.png 1024w, https:\/\/kyorakuss.co.jp\/wp-content\/uploads\/2024\/09\/content11-300x34.png 300w, https:\/\/kyorakuss.co.jp\/wp-content\/uploads\/2024\/09\/content11-768x87.png 768w, https:\/\/kyorakuss.co.jp\/wp-content\/uploads\/2024\/09\/content11-1536x175.png 1536w, https:\/\/kyorakuss.co.jp\/wp-content\/uploads\/2024\/09\/content11.png 1690w\" sizes=\"(max-width: 1024px) 100vw, 1024px\" \/><\/figure><\/div>\n\n\n<h4 class=\"wp-block-heading\">\u706b\u707d\u7de8\uff08\u4f4f\u5b85\u3067\u706b\u707d\u767a\u751f\u3002\u5c4b\u5916\u306b\u8131\u51fa\u3002\uff09<\/h4>\n\n\n\n<p>\u53f0\u6240\u3067\u51fa\u706b\u3002\u521d\u671f\u6d88\u706b\u306e\u9650\u754c\u3068\u5224\u65ad\u3057\u3066\u4f4e\u3044\u59ff\u52e2\u3067\u8996\u754c\u3068\u547c\u5438\u3092\u78ba\u4fdd\u3057\u306a\u304c\u3089\u7384\u95a2\u3078\u5411\u304b\u3046\u3002\u5c4b\u5916\u3078\u907f\u96e3\u3002<\/p>\n\n\n<div class=\"wp-block-image\">\n<figure class=\"aligncenter size-large\"><img loading=\"lazy\" decoding=\"async\" width=\"1024\" height=\"124\" src=\"https:\/\/kyorakuss.co.jp\/wp-content\/uploads\/2024\/09\/content21-1024x124.png\" alt=\"\u30b3\u30f3\u30c6\u30f3\u30c4\u706b\u707d\u7de8\u30a4\u30e1\u30fc\u30b8\" class=\"wp-image-316\" srcset=\"https:\/\/kyorakuss.co.jp\/wp-content\/uploads\/2024\/09\/content21-1024x124.png 1024w, https:\/\/kyorakuss.co.jp\/wp-content\/uploads\/2024\/09\/content21-300x36.png 300w, https:\/\/kyorakuss.co.jp\/wp-content\/uploads\/2024\/09\/content21-768x93.png 768w, https:\/\/kyorakuss.co.jp\/wp-content\/uploads\/2024\/09\/content21-1536x186.png 1536w, https:\/\/kyorakuss.co.jp\/wp-content\/uploads\/2024\/09\/content21.png 1697w\" sizes=\"(max-width: 1024px) 100vw, 1024px\" \/><\/figure><\/div>\n\n\n<h4 class=\"wp-block-heading\">\u98a8\u6c34\u5bb3\uff08\u66b4\u98a8\u96e8\u306e\u4e2d\u3001\u30a2\u30f3\u30c0\u30fc\u30d1\u30b9\u3067\u8eca\u5185\u306b\u6d78\u6c34\uff09<\/h4>\n\n\n\n<p>\u5927\u578b\u53f0\u98a8\u306e\u901a\u904e\u306b\u3088\u308b\u8c6a\u96e8\u3068\u66b4\u98a8\u306e\u4e2d\u3092\u8eca\u3067\u79fb\u52d5\u4e2d\u3001\u51a0\u6c34\u3057\u305f\u30a2\u30f3\u30c0\u30fc\u30d1\u30b9\u306b\u7a81\u3063\u8fbc\u3093\u3067\u3057\u307e\u3046\u3002\u6c34\u6ca1\u3059\u308b\u8eca\u306b\u9589\u3058\u8fbc\u3081\u3089\u308c\u305f\u6050\u6016\u3092\u4f53\u9a13\u3002<\/p>\n\n\n<div class=\"wp-block-image\">\n<figure class=\"aligncenter size-large\"><img loading=\"lazy\" decoding=\"async\" width=\"1024\" height=\"120\" src=\"https:\/\/kyorakuss.co.jp\/wp-content\/uploads\/2024\/09\/content3-1024x120.png\" alt=\"\u30b3\u30f3\u30c6\u30f3\u30c4\u98a8\u6c34\u5bb3\u30a4\u30e1\u30fc\u30b8\" class=\"wp-image-318\" srcset=\"https:\/\/kyorakuss.co.jp\/wp-content\/uploads\/2024\/09\/content3-1024x120.png 1024w, https:\/\/kyorakuss.co.jp\/wp-content\/uploads\/2024\/09\/content3-300x35.png 300w, https:\/\/kyorakuss.co.jp\/wp-content\/uploads\/2024\/09\/content3-768x90.png 768w, https:\/\/kyorakuss.co.jp\/wp-content\/uploads\/2024\/09\/content3-1536x180.png 1536w, https:\/\/kyorakuss.co.jp\/wp-content\/uploads\/2024\/09\/content3.png 1694w\" sizes=\"(max-width: 1024px) 100vw, 1024px\" \/><\/figure><\/div>\n\n\n<h4 class=\"wp-block-heading\">\u6d25\u6ce2\u7de8\uff08\u8eca\u3067\u79fb\u52d5\u4e2d\u306b\u6d25\u6ce2\u767a\u751f\u3002\u9ad8\u53f0\u3078\u306e\u907f\u96e3\u3002\uff09<\/h4>\n\n\n\n<p>\u5730\u9707\u5f8c\u306e\u5e02\u8857\u5730\u3092\u8eca\u3067\u79fb\u52d5\u4e2d\u306b\u6d25\u6ce2\u304c\u5f8c\u65b9\u304b\u3089\u62bc\u3057\u5bc4\u305b\u308b\u3002\u9ad8\u53f0\u3078\u3068\u8eca\u3092\u9032\u3081\u3001\u5f92\u6b69\u3067\u907f\u96e3\u8def\u3092\u99c6\u3051\u4e0a\u304c\u308b\u3002<\/p>\n\n\n<div class=\"wp-block-image\">\n<figure class=\"aligncenter size-large\"><img loading=\"lazy\" decoding=\"async\" width=\"1024\" height=\"150\" src=\"https:\/\/kyorakuss.co.jp\/wp-content\/uploads\/2024\/09\/content4-1024x150.png\" alt=\"\u30b3\u30f3\u30c6\u30f3\u30c4\u6d25\u6ce2\u7de8\u30a4\u30e1\u30fc\u30b8\" class=\"wp-image-319\" srcset=\"https:\/\/kyorakuss.co.jp\/wp-content\/uploads\/2024\/09\/content4-1024x150.png 1024w, https:\/\/kyorakuss.co.jp\/wp-content\/uploads\/2024\/09\/content4-300x44.png 300w, https:\/\/kyorakuss.co.jp\/wp-content\/uploads\/2024\/09\/content4-768x112.png 768w, https:\/\/kyorakuss.co.jp\/wp-content\/uploads\/2024\/09\/content4.png 1354w\" sizes=\"(max-width: 1024px) 100vw, 1024px\" \/><\/figure><\/div>\n\n\n<div style=\"height:32px\" aria-hidden=\"true\" class=\"wp-block-spacer\"><\/div>\n\n\n\n<p class=\"has-luminous-vivid-orange-color has-text-color has-link-color wp-elements-ce592c0eac9657a335b4c9b1f4d8537c\"><strong>\u30e2\u30fc\u30b7\u30e7\u30f3\u30b7\u30fc\u30c8<\/strong><\/p>\n\n\n\n<p>\u96fb\u6c17\u4ed5\u69d8\uff1a\u5165\u529bAC100V \u5bb6\u5ead\u7528\u96fb\u6e90\u3000\u5e73\u5747350W\uff5e450W\uff08\u6700\u5927700W\uff09<br>\u30b5\u30a4\u30ba\uff1a1420mm\u00d7765mm\u00d71320mm(H\u00d7W\u00d7D)<br>\u91cd\u91cf\uff1a85kg<br>\u52d5\u4f5c\u8868\u73fe\uff1a\u30b5\u30fc\u30b8\u30fb\u30b9\u30a6\u30a7\u30a4\u30fb\u30d2\u30fc\u30d6\u3000\u30d4\u30c3\u30c1\u30fb\u30ed\u30fc\u30eb\u30fb\u30e8\u30fc\uff086\u81ea\u7531\u5ea6\uff09<br>\u52d5\u4f5c\u7bc4\u56f2\uff1a\u30d2\u30fc\u30f4\u5358\u72ec\u00b150mm\uff08\u7de9\u885d\u5e45\u6642\u00b145mm\uff09<br>\uff08\u6700\u5927\uff09\u3000\u30b5\u30fc\u30b8\u30fb\u30d4\u30c3\u30c1\u5358\u72ec11.8\u00b0\uff08\u7de9\u885d\u5e45\u6642\u00b111.2\u00b0\uff09<br>\u3000\u3000\u3000\u3000\u3000\u30b9\u30a6\u30a7\u30a4\u30fb\u30ed\u30fc\u30eb\u5358\u72ec10\u00b0\uff08\u7de9\u885d\u5e45\u6642\u00b19.4\u00b0\uff09<br>\u63da\u4e0a\u80fd\u529b\uff1a1039N\/\u672c<br>\u8010\u4e45\u8ddd\u96e2\uff1a10,000km\/\u672c<br>\u8ca0\u8377\u8a66\u9a13\uff1a\u904e\u901f\u5ea6\u3001\u4e3b\u96fb\u6e90\u904e\u96fb\u5727\u3000\u56de\u751f\u96fb\u5727\u7570\u5e38\u3001\u904e\u8ca0\u8377\u3001\u30bb\u30f3\u30b5\u7570\u5e38\u3001\u30b5\u30fc\u30dc\u7570\u5e38\u3000\u30a8\u30f3\u30b3\u30fc\u30c0\u65ad\u7dda<br>\u4f7f\u7528\u74b0\u5883\uff1a\u4f7f\u7528\u6e29\u5ea6\uff1a0\u2103\uff5e40\u2103\u3000\u4fdd\u5b58\u6e29\u5ea6\uff1a-20\u2103\uff5e60\u2103<br>\u3000\u3000\u3000\u3000\u3000\u6e7f\u5ea6\uff1a90\uff05RH\u4ee5\u4e0b\uff08\u4f46\u3057\u7d50\u9732\u306a\u304d\u3053\u3068\uff09<\/p>\n\n\n\n<p class=\"has-luminous-vivid-orange-color has-text-color has-link-color wp-elements-c2aa8de7f0e93eeb073588000ec0b017\"><strong>HDM<\/strong> \uff08\u30d8\u30c3\u30c9\u30de\u30a6\u30f3\u30c8\u30c7\u30a3\u30b9\u30d7\u30ec\u30a4\uff09<\/p>\n\n\n\n<p>\uff3b\u9ad8\u901f\u30b9\u30a4\u30c3\u30c1\u6db2\u6676\u30c7\u30a3\u30b9\u30d7\u30ec\u30a4\uff3d<br>\u89e3\u50cf\u5ea6\uff1a20PPD\uff08\u5404\u89e3\u50cf\u5ea6\uff09<br>\u5358\u773c\u5f53\u305f\u308a1832\u00d71920\u30d4\u30af\u30bb\u30eb<br>\u30ea\u30d5\u30ec\u30c3\u30b7\u30e5\u30ec\u30fc\u30c8\uff1a60\u300172\u300190Hz\u306b\u5bfe\u5fdc<br>\u96fb\u6e90\u4f9b\u7d66\u578b\u30ea\u30f3\u30af\u30b1\u30fc\u30d6\u30eb\uff08PC\u63a5\u7d9a\u7528\uff09<\/p>\n\n\n\n<h5 class=\"wp-block-heading\">VR\u9632\u707d\u4f53\u9a13\u5236\u5fa1\u6a5f\u5668<\/h5>\n\n\n\n<figure class=\"wp-block-table\"><table><tbody><tr><td>\u540d\u79f0<\/td><td>\u6570\u91cf<\/td><td>\u540d\u79f0<\/td><td>\u6570\u91cf<\/td><\/tr><tr><td>HDM\uff08\u30d8\u30c3\u30c9\u30de\u30a6\u30f3\u30c8\u30c7\u30a3\u30b9\u30d7\u30ec\u30a4\uff09<\/td><td>1<\/td><td>USB\u30e1\u30c7\u30a3\u30a2\u30d7\u30ec\u30a4\u30e4\u30fc<\/td><td>1<\/td><\/tr><tr><td>\u30e2\u30fc\u30b7\u30e7\u30f3\u30b7\u30fc\u30c8<\/td><td>1<\/td><td>USB SW<\/td><td>1<\/td><\/tr><tr><td>\u30b9\u30d4\u30fc\u30ab\u30fc<\/td><td>1<\/td><td>USB hub<\/td><td>1<\/td><\/tr><tr><td>VR\u5236\u5fa1\u7528PC<\/td><td>1<\/td><td>HDMI SW<\/td><td>1<\/td><\/tr><tr><td>17-PC\u7528\u30e2\u30cb\u30bf\u30fc<\/td><td>1<\/td><td>HDMI spliter<\/td><td>1<\/td><\/tr><tr><td>\u30aa\u30fc\u30c7\u30a3\u30aa\u30df\u30ad\u30b5\u30fc<\/td><td>1<\/td><td>\u30ad\u30fc\u30dc\u30fc\u30c9\u30fb\u30c6\u30f3\u30ad\u30fc\u30fb\u30de\u30a6\u30b9<\/td><td>1<\/td><\/tr><\/tbody><\/table><\/figure>\n\n\n<div class=\"wp-block-image\">\n<figure class=\"aligncenter size-large\"><img loading=\"lazy\" decoding=\"async\" width=\"1024\" height=\"325\" src=\"https:\/\/kyorakuss.co.jp\/wp-content\/uploads\/2024\/09\/device-1024x325.png\" alt=\"VR\u9632\u707d\u4f53\u9a13\u30e2\u30fc\u30b7\u30e7\u30f3\u30b7\u30df\u30e5\u30ec\u30fc\u30bf\u30fc\u306e\u4ed5\u7d44\u307f\" class=\"wp-image-320\" srcset=\"https:\/\/kyorakuss.co.jp\/wp-content\/uploads\/2024\/09\/device-1024x325.png 1024w, https:\/\/kyorakuss.co.jp\/wp-content\/uploads\/2024\/09\/device-300x95.png 300w, https:\/\/kyorakuss.co.jp\/wp-content\/uploads\/2024\/09\/device-768x244.png 768w, https:\/\/kyorakuss.co.jp\/wp-content\/uploads\/2024\/09\/device-1536x487.png 1536w, https:\/\/kyorakuss.co.jp\/wp-content\/uploads\/2024\/09\/device.png 1646w\" sizes=\"(max-width: 1024px) 100vw, 1024px\" \/><\/figure><\/div>\n\n<div class=\"wp-block-image\">\n<figure class=\"aligncenter size-large\"><img loading=\"lazy\" decoding=\"async\" width=\"1024\" height=\"523\" src=\"https:\/\/kyorakuss.co.jp\/wp-content\/uploads\/2024\/09\/size-1024x523.png\" alt=\"VR\u9632\u707d\u4f53\u9a13\u30e2\u30fc\u30b7\u30e7\u30f3\u30b7\u30df\u30e5\u30ec\u30fc\u30bf\u30fc\u5bf8\u6cd5\u56f3\" class=\"wp-image-321\" srcset=\"https:\/\/kyorakuss.co.jp\/wp-content\/uploads\/2024\/09\/size-1024x523.png 1024w, https:\/\/kyorakuss.co.jp\/wp-content\/uploads\/2024\/09\/size-300x153.png 300w, https:\/\/kyorakuss.co.jp\/wp-content\/uploads\/2024\/09\/size-768x392.png 768w, https:\/\/kyorakuss.co.jp\/wp-content\/uploads\/2024\/09\/size-1536x784.png 1536w, https:\/\/kyorakuss.co.jp\/wp-content\/uploads\/2024\/09\/size.png 1691w\" sizes=\"(max-width: 1024px) 100vw, 1024px\" \/><\/figure><\/div>","protected":false},"excerpt":{"rendered":"<p>\u30b3\u30b9\u30c8\u8efd\u6e1b \u8a2d\u7f6e\u5de5\u4e8b\u4e0d\u8981 \u7c21\u5358\u64cd\u4f5c \u6bce\u5e74\u306e\u3088\u3046\u306b\u767a\u751f\u3059\u308b\u81ea\u7136\u707d\u5bb3\u3002\u8fd1\u5e74\u306b\u304a\u3044\u3066\u3082\u5927\u5730\u9707\u3084\u6d25\u6ce2\u3001\u98a8\u6c34\u5bb3\u306b\u3088\u308b\u751a\u5927\u306a\u88ab\u5bb3\u304c\u7e70\u308a\u8fd4\u3057\u767a\u751f\u3057\u3066\u3044\u307e\u3059\u3002\u88ab\u5bb3\u3092\u8efd\u6e1b\u3059\u308b\u305f\u3081\u306e\u9632\u707d\u5553\u767a\u306e\u91cd\u8981\u6027\u304c\u9ad8\u307e\u308b\u4e2d\u3001\u4eca\u6700\u3082\u6ce8\u76ee\u3055\u308c\u3066\u3044\u308b\u306e\u304cVR\uff08 [&hellip;]<\/p>\n","protected":false},"author":1,"featured_media":0,"parent":0,"menu_order":0,"comment_status":"closed","ping_status":"closed","template":"","meta":{"vkexunit_cta_each_option":"","footnotes":""},"class_list":["post-305","page","type-page","status-publish","hentry"],"_links":{"self":[{"href":"https:\/\/kyorakuss.co.jp\/index.php?rest_route=\/wp\/v2\/pages\/305"}],"collection":[{"href":"https:\/\/kyorakuss.co.jp\/index.php?rest_route=\/wp\/v2\/pages"}],"about":[{"href":"https:\/\/kyorakuss.co.jp\/index.php?rest_route=\/wp\/v2\/types\/page"}],"author":[{"embeddable":true,"href":"https:\/\/kyorakuss.co.jp\/index.php?rest_route=\/wp\/v2\/users\/1"}],"replies":[{"embeddable":true,"href":"https:\/\/kyorakuss.co.jp\/index.php?rest_route=%2Fwp%2Fv2%2Fcomments&post=305"}],"version-history":[{"count":2,"href":"https:\/\/kyorakuss.co.jp\/index.php?rest_route=\/wp\/v2\/pages\/305\/revisions"}],"predecessor-version":[{"id":360,"href":"https:\/\/kyorakuss.co.jp\/index.php?rest_route=\/wp\/v2\/pages\/305\/revisions\/360"}],"wp:attachment":[{"href":"https:\/\/kyorakuss.co.jp\/index.php?rest_route=%2Fwp%2Fv2%2Fmedia&parent=305"}],"curies":[{"name":"wp","href":"https:\/\/api.w.org\/{rel}","templated":true}]}}